{"id":5026,"date":"2020-01-04T15:00:52","date_gmt":"2020-01-04T14:00:52","guid":{"rendered":"https:\/\/wilfriedrappenecker.eu\/?page_id=5026"},"modified":"2020-08-13T15:42:17","modified_gmt":"2020-08-13T13:42:17","slug":"linkliste","status":"publish","type":"page","link":"https:\/\/wilfriedrappenecker.eu\/en\/linkliste\/","title":{"rendered":"Linkliste"},"content":{"rendered":"<div  class=\"tatsu-g0udocrh4l6oa7x3 tatsu-section  tatsu-parallax tatsu-section-custom-height tatsu-bg-overlay   tatsu-clearfix\" data-title=\"\"  data-headerscheme=\"background--dark\"><div class = \"tatsu-custom-height-wrap\"><div class='tatsu-section-pad clearfix' data-padding='{\"d\":\"0px 0px 0px 0px\"}' data-padding-top='0px'><div class=\"tatsu-row-wrap  tatsu-wrap tatsu-row-one-col tatsu-row-has-one-cols tatsu-medium-gutter tatsu-reg-cols  tatsu-clearfix tatsu-g0udocrhcj7av6c4\" ><div  class=\"tatsu-row \" ><div  class=\"tatsu-column  tatsu-column-no-bg tatsu-one-col tatsu-column-image-none tatsu-column-effect-none  tatsu-g0udocrhkz4fgpk0\"  data-parallax-speed=\"0\" style=\"\"><div class=\"tatsu-column-inner \" ><div class=\"tatsu-column-pad-wrap\"><div class=\"tatsu-column-pad\" ><div  class=\"tatsu-module tatsu-inline-text clearfix tatsu-rygUenFoB   tatsu-animate\" data-animation=\"fadeInUp\"  ><style>.tatsu-rygUenFoB .tatsu-inline-text-inner{width: 100%;text-align: center;}.tatsu-rygUenFoB.tatsu-inline-text{margin: 0px 0px 10px 0px;}@media only screen and (max-width: 767px) {.tatsu-rygUenFoB .tatsu-inline-text-inner{width: 100%;}}<\/style><div class=\"tatsu-inline-text-inner \">\n<h1><span style=\"color: #ffffff;\">Linklist<br \/><\/span><\/h1>\n<\/div><\/div><\/div><\/div><div class = \"tatsu-column-bg-image-wrap\"><div class = \"tatsu-column-bg-image\" ><\/div><\/div><\/div><style>.tatsu-row > .tatsu-g0udocrhkz4fgpk0.tatsu-column{width: 100%;}.tatsu-g0udocrhkz4fgpk0.tatsu-column > .tatsu-column-inner > .tatsu-column-overlay{mix-blend-mode: none;}.tatsu-g0udocrhkz4fgpk0 > .tatsu-column-inner > .tatsu-top-divider{z-index: 9999;}.tatsu-g0udocrhkz4fgpk0 > .tatsu-column-inner > .tatsu-bottom-divider{z-index: 9999;}.tatsu-g0udocrhkz4fgpk0 > .tatsu-column-inner > .tatsu-left-divider{z-index: 9999;}.tatsu-g0udocrhkz4fgpk0 > .tatsu-column-inner > .tatsu-right-divider{z-index: 9999;}@media only screen and (max-width:1377px) {.tatsu-row > .tatsu-g0udocrhkz4fgpk0.tatsu-column{width: 100%;}}@media only screen and (min-width:768px) and (max-width: 1024px) {.tatsu-row > .tatsu-g0udocrhkz4fgpk0.tatsu-column{width: 100%;}}@media only screen and (max-width: 767px) {.tatsu-row > .tatsu-g0udocrhkz4fgpk0.tatsu-column{width: 100%;}}<\/style><\/div><\/div><\/div><\/div><div class=\"tatsu-section-background-wrap tatsu-parallax-element-wrap\"><div class = \"tatsu-section-background tatsu-parallax-element\" ><\/div><\/div><div class=\"tatsu-overlay tatsu-section-overlay\"><\/div><\/div><div class = \"tatsu-shape-divider tatsu-bottom-divider tatsu-shape-over\"><svg xmlns=\"http:\/\/www.w3.org\/2000\/svg\" preserveAspectRatio=\"none\" viewBox=\"0 0 1920 120\">\n  <g fill-rule=\"evenodd\">\n    <path fill-opacity=\".457\" d=\"M0,25.9621684 C293.239583,65.9621684 613.239583,72.6288351 960,45.9621684 C1306.76042,19.2955018 1626.76042,32.6288351 1920,85.9621684 L1920,120 L0,120 L0,25.9621684 Z\" transform=\"matrix(-1 0 0 1 1920 0)\"\/>\n    <path d=\"M0,55.9621684 C300.495844,106.578393 620.495844,106.578393 960,55.9621684 C1299.50416,5.34594386 1619.50416,5.34594386 1920,55.9621684 L1920,120 L0,120 L0,55.9621684 Z\"\/>\n  <\/g>\n<\/svg>\n<\/div><style>.tatsu-g0udocrh4l6oa7x3 .tatsu-section-background{background-image: url(https:\/\/wilfriedrappenecker.eu\/wp-content\/uploads\/2019\/03\/oshine_spa_0001.jpg);background-repeat: no-repeat;background-attachment: scroll;background-position: center center;background-size: cover;}.tatsu-g0udocrh4l6oa7x3 .tatsu-bg-blur{background-repeat: no-repeat;background-attachment: scroll;background-position: center center;background-size: cover;}.tatsu-g0udocrh4l6oa7x3 > .tatsu-bottom-divider{height: 100px;color: rgba(162,153,138,1) ;z-index: 1;}.tatsu-g0udocrh4l6oa7x3 > .tatsu-top-divider{z-index: 9999;}.tatsu-g0udocrh4l6oa7x3 .tatsu-section-overlay{background: rgba(0,0,0,0.3);mix-blend-mode: normal;}.tatsu-g0udocrh4l6oa7x3 .tatsu-custom-height-wrap{align-items: center;min-height: 66vh;}<\/style><\/div><div  class=\"tatsu-r1btBqP08E tatsu-section    tatsu-clearfix\" data-title=\"\"  data-headerscheme=\"background--dark\"><div class='tatsu-section-pad clearfix' data-padding='{\"d\":\"80px 0px 130px 0px\"}' data-padding-top='80px'><div class=\"tatsu-row-wrap  tatsu-wrap tatsu-row-one-col tatsu-row-has-one-cols tatsu-medium-gutter tatsu-reg-cols  tatsu-clearfix tatsu-SyeYH9wCIE\" ><div  class=\"tatsu-row \" ><div  class=\"tatsu-column  tatsu-column-no-bg tatsu-one-col tatsu-animate tatsu-column-image-none tatsu-column-effect-none  tatsu-SygX8qwRI4\" data-animation=\"fadeInUp\"   data-parallax-speed=\"0\" style=\"\"><div class=\"tatsu-column-inner \" ><div class=\"tatsu-column-pad-wrap\"><div class=\"tatsu-column-pad\" ><div  class=\"tatsu-module tatsu-text-block-wrap tatsu-H1wVdShtH  \"><div class=\"tatsu-text-inner tatsu-align-center  clearfix\" ><style>.tatsu-H1wVdShtH.tatsu-text-block-wrap .tatsu-text-inner{width: 100%;text-align: left;}<\/style>\n<h4 style=\"text-align: center;\">Schule f\u00fcr Shiatsu Hamburg<\/h4>\n<p style=\"text-align: center;\"><a href=\"http:\/\/www.schule-fuer-shiatsu.de\" target=\"_blank\" rel=\"noopener noreferrer\"><span style=\"color: #00ff00;\">www.schule-fuer-shiatsu.de<\/span><\/a><\/p>\n<h4 style=\"text-align: center;\">Gesellschaft f\u00fcr Shiatsu in Deutschland e.V. GSD<\/h4>\n<p style=\"text-align: center;\"><a href=\"http:\/\/www.shiatsu-gsd.de\" target=\"_blank\" rel=\"noopener noreferrer\"><span style=\"color: #00ff00;\">www.shiatsu-gsd.de<\/span><\/a><\/p>\n<h4 style=\"text-align: center;\">Shiatsu zum Leben, Hamburg<\/h4>\n<p style=\"text-align: center;\"><a href=\"http:\/\/www.shiatsu-zum-leben.de\" target=\"_blank\" rel=\"noopener noreferrer\"><span style=\"color: #00ff00;\">www.shiatsu-zum-leben.de<\/span><\/a><\/p>\n<h4 style=\"text-align: center;\">Internationale Shiatsu-Schule Kiental, Schweiz<\/h4>\n<p style=\"text-align: center;\"><a href=\"http:\/\/www.kientalerhof.ch\" target=\"_blank\" rel=\"noopener noreferrer\"><span style=\"color: #00ff00;\">www.kientalerhof.ch<\/span><\/a><\/p>\n<h4 style=\"text-align: center;\">Shiatsu Gesellschaft Schweiz SGS<\/h4>\n<p style=\"text-align: center;\"><a href=\"http:\/\/www.shiatsuverband.ch\" target=\"_blank\" rel=\"noopener noreferrer\"><span style=\"color: #00ff00;\">www.shiatsuverband.ch<\/span><\/a><\/p>\n<h4 style=\"text-align: center;\">\u00d6sterreichischer Dachverband f\u00fcr Shiatsu \u00d6DS<\/h4>\n<p style=\"text-align: center;\"><a href=\"http:\/\/www.oeds.at\" target=\"_blank\" rel=\"noopener noreferrer\"><span style=\"color: #00ff00;\">www.oeds.at<\/span><\/a><\/p>\n<h4 style=\"text-align: center;\">Internationale Shiatsu-Schule Graz ISS\u00d6<\/h4>\n<p style=\"text-align: center;\"><a href=\"http:\/\/www.shiatsu.at\" target=\"_blank\" rel=\"noopener noreferrer\"><span style=\"color: #00ff00;\">www.shiatsu.at<\/span><\/a><\/p>\n<h4 style=\"text-align: center;\">Hara-Shiatsu-Schule Wien<\/h4>\n<p style=\"text-align: center;\"><a href=\"http:\/\/www.hara-shiatsu.com\" target=\"_blank\" rel=\"noopener noreferrer\"><span style=\"color: #00ff00;\">www.hara-shiatsu.com<\/span><\/a><\/p>\n<h4 style=\"text-align: center;\">K\u00f6rperschule Allg\u00e4u Helmut Br\u00e4uer<\/h4>\n<p style=\"text-align: center;\"><a href=\"http:\/\/www.koerperschule-allgaeu.de\" target=\"_blank\" rel=\"noopener noreferrer\"><span style=\"color: #00ff00;\">www.koerperschule-allgaeu.de<\/span><\/a><\/p>\n<h4 style=\"text-align: center;\">Berliner Schule f\u00fcr Zen-Shiatsu<\/h4>\n<p style=\"text-align: center;\"><a href=\"http:\/\/www.zenshiatsu_schule.de\" target=\"_blank\" rel=\"noopener noreferrer\"><span style=\"color: #00ff00;\">www.zenshiatsu_schule.de<\/span><\/a><\/p>\n<h4 style=\"text-align: center;\">Shendo Shiatsu Schule<\/h4>\n<p style=\"text-align: center;\"><a href=\"http:\/\/www.shendo.de\" target=\"_blank\" rel=\"noopener noreferrer\"><span style=\"color: #00ff00;\">www.shendo.de<\/span><\/a><\/p>\n<h4 style=\"text-align: center;\">Nemzetk\u00f6zi Shiatsu Iskola (Budapest)<\/h4>\n<p style=\"text-align: center;\"><a href=\"http:\/\/www.shiatsu.hu\" target=\"_blank\" rel=\"noopener noreferrer\"><span style=\"color: #00ff00;\">www.shiatsu.hu<\/span><\/a><\/p>\n<h4 style=\"text-align: center;\">Institut f\u00fcr Shiatsu und Orientalmedizin ISOM Bonn\/Wiesbaden<\/h4>\n<p style=\"text-align: center;\"><a href=\"http:\/\/www.shiatsu-institut.de\" target=\"_blank\" rel=\"noopener noreferrer\"><span style=\"color: #00ff00;\">www.shiatsu-institut.de<\/span><\/a><\/p>\n<h4 style=\"text-align: center;\">Seishin Shiatsu (Peter Albrecht), Br\u00fcssel<\/h4>\n<p style=\"text-align: center;\"><a href=\"http:\/\/www.sheishin-shiatsu.be\" target=\"_blank\" rel=\"noopener noreferrer\"><span style=\"color: #00ff00;\">www.sheishin-shiatsu.be<\/span><\/a><\/p>\n<h4 style=\"text-align: center;\">Shiatsu-Schule Bremen Ulrike Freund<\/h4>\n<p style=\"text-align: center;\"><a href=\"http:\/\/www.shiatsu.bremen.de\" target=\"_blank\" rel=\"noopener noreferrer\"><span style=\"color: #00ff00;\">www.shiatsu.bremen.de<\/span><\/a><\/p>\n<h4 style=\"text-align: center;\">Internationale Shiatsuschule Lissabon<\/h4>\n<p style=\"text-align: center;\"><a href=\"http:\/\/www.institutomacrobiotico.com\/pt-pt\/formacao\/cursos\/curso-de-shiatsu\" target=\"_blank\" rel=\"noopener noreferrer\"><span style=\"color: #00ff00;\">www.institutomacrobiotico.com\/pt-pt\/formacao\/cursos\/curso-de-shiatsu<\/span><\/a><\/p>\n<h4 style=\"text-align: center;\">ITADO, Turin, Italien<\/h4>\n<p style=\"text-align: center;\"><a href=\"http:\/\/www.itado.org\" target=\"_blank\" rel=\"noopener noreferrer\"><span style=\"color: #00ff00;\">www.itado.org<\/span><\/a><\/p>\n<h4 style=\"text-align: center;\">Zen Shiatsu Limousin, Frankreich<\/h4>\n<p style=\"text-align: center;\"><a href=\"http:\/\/www.zenshiatsulimousin.com\" target=\"_blank\" rel=\"noopener noreferrer\"><span style=\"color: #00ff00;\">www.zenshiatsulimousin.com<\/span><\/a><\/p>\n<h4 style=\"text-align: center;\">Espace Aquitain Zen Shiatsu, Bordeaux, Frankreich<\/h4>\n<p style=\"text-align: center;\"><a href=\"http:\/\/www.formation-shiatsu-bordeaux.fr\" target=\"_blank\" rel=\"noopener noreferrer\"><span style=\"color: #00ff00;\">www.formation-shiatsu-bordeaux.fr<\/span><\/a><\/p>\n<p style=\"text-align: center;\">\u00a0<\/p>\n<\/div><\/div><\/div><\/div><div class = \"tatsu-column-bg-image-wrap\"><div class = \"tatsu-column-bg-image\" ><\/div><\/div><\/div><style>.tatsu-row > .tatsu-SygX8qwRI4.tatsu-column{width: 100%;}.tatsu-SygX8qwRI4.tatsu-column > .tatsu-column-inner > .tatsu-column-overlay{mix-blend-mode: none;}.tatsu-SygX8qwRI4 > .tatsu-column-inner > .tatsu-top-divider{z-index: 9999;}.tatsu-SygX8qwRI4 > .tatsu-column-inner > .tatsu-bottom-divider{z-index: 9999;}.tatsu-SygX8qwRI4 > .tatsu-column-inner > .tatsu-left-divider{z-index: 9999;}.tatsu-SygX8qwRI4 > .tatsu-column-inner > .tatsu-right-divider{z-index: 9999;}@media only screen and (max-width:1377px) {.tatsu-row > .tatsu-SygX8qwRI4.tatsu-column{width: 100%;}}@media only screen and (min-width:768px) and (max-width: 1024px) {.tatsu-row > .tatsu-SygX8qwRI4.tatsu-column{width: 100%;}}@media only screen and (max-width: 767px) {.tatsu-row > .tatsu-SygX8qwRI4.tatsu-column{width: 100%;}}<\/style><\/div><\/div><\/div><\/div><div class=\"tatsu-section-background-wrap\"><div class = \"tatsu-section-background\" ><\/div><\/div><style>.tatsu-r1btBqP08E.tatsu-section{background-color: rgba(162,153,138,1);}.tatsu-r1btBqP08E .tatsu-section-pad{padding: 80px 0px 130px 0px;}.tatsu-r1btBqP08E > .tatsu-bottom-divider{z-index: 9999;}.tatsu-r1btBqP08E > .tatsu-top-divider{z-index: 9999;}<\/style><\/div>\n","protected":false},"excerpt":{"rendered":"<p><a href=\"https:\/\/wilfriedrappenecker.eu\/en\/linkliste\/\" class=\"more-link style1-button\">Read More<\/a><\/p>","protected":false},"author":1,"featured_media":0,"parent":0,"menu_order":0,"comment_status":"closed","ping_status":"closed","template":"","meta":{"footnotes":""},"class_list":["post-5026","page","type-page","status-publish","hentry"],"yoast_head":"<!-- This site is optimized with the Yoast SEO plugin v25.1 - https:\/\/yoast.com\/wordpress\/plugins\/seo\/ -->\n<title>Linkliste | Wilfried Rappenecker<\/title>\n<meta name=\"robots\" content=\"index, follow, max-snippet:-1, max-image-preview:large, max-video-preview:-1\" \/>\n<link rel=\"canonical\" href=\"https:\/\/wilfriedrappenecker.eu\/en\/linkliste\/\" \/>\n<meta property=\"og:locale\" content=\"en_US\" \/>\n<meta property=\"og:type\" content=\"article\" \/>\n<meta property=\"og:title\" content=\"Linkliste | Wilfried Rappenecker\" \/>\n<meta property=\"og:url\" content=\"https:\/\/wilfriedrappenecker.eu\/en\/linkliste\/\" \/>\n<meta property=\"og:site_name\" content=\"Wilfried Rappenecker\" \/>\n<meta property=\"article:modified_time\" content=\"2020-08-13T13:42:17+00:00\" \/>\n<meta name=\"twitter:card\" content=\"summary_large_image\" \/>\n<meta name=\"twitter:label1\" content=\"Est. reading time\" \/>\n\t<meta name=\"twitter:data1\" content=\"7 minutes\" \/>\n<script type=\"application\/ld+json\" class=\"yoast-schema-graph\">{\"@context\":\"https:\/\/schema.org\",\"@graph\":[{\"@type\":\"WebPage\",\"@id\":\"https:\/\/wilfriedrappenecker.eu\/en\/linkliste\/\",\"url\":\"https:\/\/wilfriedrappenecker.eu\/en\/linkliste\/\",\"name\":\"Linkliste | Wilfried Rappenecker\",\"isPartOf\":{\"@id\":\"https:\/\/wilfriedrappenecker.eu\/en\/#website\"},\"datePublished\":\"2020-01-04T14:00:52+00:00\",\"dateModified\":\"2020-08-13T13:42:17+00:00\",\"breadcrumb\":{\"@id\":\"https:\/\/wilfriedrappenecker.eu\/en\/linkliste\/#breadcrumb\"},\"inLanguage\":\"en-US\",\"potentialAction\":[{\"@type\":\"ReadAction\",\"target\":[\"https:\/\/wilfriedrappenecker.eu\/en\/linkliste\/\"]}]},{\"@type\":\"BreadcrumbList\",\"@id\":\"https:\/\/wilfriedrappenecker.eu\/en\/linkliste\/#breadcrumb\",\"itemListElement\":[{\"@type\":\"ListItem\",\"position\":1,\"name\":\"Startseite\",\"item\":\"https:\/\/wilfriedrappenecker.eu\/en\/\"},{\"@type\":\"ListItem\",\"position\":2,\"name\":\"Linkliste\"}]},{\"@type\":\"WebSite\",\"@id\":\"https:\/\/wilfriedrappenecker.eu\/en\/#website\",\"url\":\"https:\/\/wilfriedrappenecker.eu\/en\/\",\"name\":\"Wilfried Rappenecker\",\"description\":\"Shiatsu Praxis Seminare Texte Downloads\",\"publisher\":{\"@id\":\"https:\/\/wilfriedrappenecker.eu\/en\/#organization\"},\"potentialAction\":[{\"@type\":\"SearchAction\",\"target\":{\"@type\":\"EntryPoint\",\"urlTemplate\":\"https:\/\/wilfriedrappenecker.eu\/en\/?s={search_term_string}\"},\"query-input\":{\"@type\":\"PropertyValueSpecification\",\"valueRequired\":true,\"valueName\":\"search_term_string\"}}],\"inLanguage\":\"en-US\"},{\"@type\":\"Organization\",\"@id\":\"https:\/\/wilfriedrappenecker.eu\/en\/#organization\",\"name\":\"Wilfried Rappenecker\",\"url\":\"https:\/\/wilfriedrappenecker.eu\/en\/\",\"logo\":{\"@type\":\"ImageObject\",\"inLanguage\":\"en-US\",\"@id\":\"https:\/\/wilfriedrappenecker.eu\/en\/#\/schema\/logo\/image\/\",\"url\":\"https:\/\/wilfriedrappenecker.eu\/wp-content\/uploads\/2019\/11\/WilfriedRappenecker250.png\",\"contentUrl\":\"https:\/\/wilfriedrappenecker.eu\/wp-content\/uploads\/2019\/11\/WilfriedRappenecker250.png\",\"width\":250,\"height\":66,\"caption\":\"Wilfried Rappenecker\"},\"image\":{\"@id\":\"https:\/\/wilfriedrappenecker.eu\/en\/#\/schema\/logo\/image\/\"}}]}<\/script>\n<!-- \/ Yoast SEO plugin. -->","yoast_head_json":{"title":"Linkliste | Wilfried Rappenecker","robots":{"index":"index","follow":"follow","max-snippet":"max-snippet:-1","max-image-preview":"max-image-preview:large","max-video-preview":"max-video-preview:-1"},"canonical":"https:\/\/wilfriedrappenecker.eu\/en\/linkliste\/","og_locale":"en_US","og_type":"article","og_title":"Linkliste | Wilfried Rappenecker","og_url":"https:\/\/wilfriedrappenecker.eu\/en\/linkliste\/","og_site_name":"Wilfried Rappenecker","article_modified_time":"2020-08-13T13:42:17+00:00","twitter_card":"summary_large_image","twitter_misc":{"Est. reading time":"7 minutes"},"schema":{"@context":"https:\/\/schema.org","@graph":[{"@type":"WebPage","@id":"https:\/\/wilfriedrappenecker.eu\/en\/linkliste\/","url":"https:\/\/wilfriedrappenecker.eu\/en\/linkliste\/","name":"Linkliste | Wilfried Rappenecker","isPartOf":{"@id":"https:\/\/wilfriedrappenecker.eu\/en\/#website"},"datePublished":"2020-01-04T14:00:52+00:00","dateModified":"2020-08-13T13:42:17+00:00","breadcrumb":{"@id":"https:\/\/wilfriedrappenecker.eu\/en\/linkliste\/#breadcrumb"},"inLanguage":"en-US","potentialAction":[{"@type":"ReadAction","target":["https:\/\/wilfriedrappenecker.eu\/en\/linkliste\/"]}]},{"@type":"BreadcrumbList","@id":"https:\/\/wilfriedrappenecker.eu\/en\/linkliste\/#breadcrumb","itemListElement":[{"@type":"ListItem","position":1,"name":"Startseite","item":"https:\/\/wilfriedrappenecker.eu\/en\/"},{"@type":"ListItem","position":2,"name":"Linkliste"}]},{"@type":"WebSite","@id":"https:\/\/wilfriedrappenecker.eu\/en\/#website","url":"https:\/\/wilfriedrappenecker.eu\/en\/","name":"Wilfried Rappenecker","description":"Shiatsu Praxis Seminare Texte Downloads","publisher":{"@id":"https:\/\/wilfriedrappenecker.eu\/en\/#organization"},"potentialAction":[{"@type":"SearchAction","target":{"@type":"EntryPoint","urlTemplate":"https:\/\/wilfriedrappenecker.eu\/en\/?s={search_term_string}"},"query-input":{"@type":"PropertyValueSpecification","valueRequired":true,"valueName":"search_term_string"}}],"inLanguage":"en-US"},{"@type":"Organization","@id":"https:\/\/wilfriedrappenecker.eu\/en\/#organization","name":"Wilfried Rappenecker","url":"https:\/\/wilfriedrappenecker.eu\/en\/","logo":{"@type":"ImageObject","inLanguage":"en-US","@id":"https:\/\/wilfriedrappenecker.eu\/en\/#\/schema\/logo\/image\/","url":"https:\/\/wilfriedrappenecker.eu\/wp-content\/uploads\/2019\/11\/WilfriedRappenecker250.png","contentUrl":"https:\/\/wilfriedrappenecker.eu\/wp-content\/uploads\/2019\/11\/WilfriedRappenecker250.png","width":250,"height":66,"caption":"Wilfried Rappenecker"},"image":{"@id":"https:\/\/wilfriedrappenecker.eu\/en\/#\/schema\/logo\/image\/"}}]}},"_links":{"self":[{"href":"https:\/\/wilfriedrappenecker.eu\/en\/wp-json\/wp\/v2\/pages\/5026","targetHints":{"allow":["GET"]}}],"collection":[{"href":"https:\/\/wilfriedrappenecker.eu\/en\/wp-json\/wp\/v2\/pages"}],"about":[{"href":"https:\/\/wilfriedrappenecker.eu\/en\/wp-json\/wp\/v2\/types\/page"}],"author":[{"embeddable":true,"href":"https:\/\/wilfriedrappenecker.eu\/en\/wp-json\/wp\/v2\/users\/1"}],"replies":[{"embeddable":true,"href":"https:\/\/wilfriedrappenecker.eu\/en\/wp-json\/wp\/v2\/comments?post=5026"}],"version-history":[{"count":4,"href":"https:\/\/wilfriedrappenecker.eu\/en\/wp-json\/wp\/v2\/pages\/5026\/revisions"}],"predecessor-version":[{"id":5030,"href":"https:\/\/wilfriedrappenecker.eu\/en\/wp-json\/wp\/v2\/pages\/5026\/revisions\/5030"}],"wp:attachment":[{"href":"https:\/\/wilfriedrappenecker.eu\/en\/wp-json\/wp\/v2\/media?parent=5026"}],"curies":[{"name":"wp","href":"https:\/\/api.w.org\/{rel}","templated":true}]}}